{"id":6834,"date":"2024-04-20T21:29:01","date_gmt":"2024-04-20T19:29:01","guid":{"rendered":"http:\/\/gm.ideen-entfalten.com\/?post_type=product&#038;p=6834"},"modified":"2025-05-07T12:05:20","modified_gmt":"2025-05-07T10:05:20","slug":"melle-duenger-das-original","status":"publish","type":"product","link":"https:\/\/gaertnerei-melle.de\/en\/shop\/melle-duenger-das-original\/","title":{"rendered":"Melle D\u00fcnger &#8211; Das Original"},"content":{"rendered":"<p>Bei Verwendung unserer \u201eMelle\u201c Balkonpflanzen-Spezialerde m\u00fcssen Sie, um ein optimales Wachstum zu erreichen, nach ca. 6 &#8211; 8 Wochen nach der Pflanzung mit dem Nachd\u00fcngen beginnen.<\/p>\n<p><strong>Anwendung:<\/strong> 1 x pro Woche, 30g (2 Messbecher gestrichen voll) in 10 l Wasser ausl\u00f6sen und Sommerblumen durchdringend gie\u00dfen.<\/p>\n<p><strong>Achtung:<\/strong> D\u00fcngerl\u00f6sung nicht direkt auf die Pflanzen gie\u00dfen. D\u00fcnger kann in Kontakt mit Luftfeuchtigkeit Klumpen bilden, die aber keinen negativen Einfluss auf die Wirkung haben.<\/p>\n<p><strong>Inhaltsstoffe:<\/strong> 20% N, 10 % P, 16 &amp; K<\/p>\n<p><span style=\"color: #b71e3f;\"><strong>Bundesweiter DHL-Versand<\/strong><\/span><\/p>\n<p><img decoding=\"async\" class=\"alignnone wp-image-7461\" src=\"https:\/\/gaertnerei-melle.de\/wp-content\/uploads\/2024\/04\/DHL_logo_rgb_BG-300x42-1.png\" alt=\"\" width=\"247\" height=\"35\" \/><\/p>\n","protected":false},"excerpt":{"rendered":"<p>Balkonpflanzen bl\u00fchen einen ganzen Sommer, dazu brauchen sie viel Kraft. Wir empfehlen unseren \u201eMelle\u201c Speziald\u00fcnger f\u00fcr Balkonpflanzen.<\/p>\n","protected":false},"featured_media":8388,"comment_status":"open","ping_status":"closed","template":"","meta":{"site-sidebar-layout":"default","site-content-layout":"","ast-site-content-layout":"default","site-content-style":"default","site-sidebar-style":"default","ast-global-header-display":"","ast-banner-title-visibility":"","ast-main-header-display":"","ast-hfb-above-header-display":"","ast-hfb-below-header-display":"","ast-hfb-mobile-header-display":"","site-post-title":"","ast-breadcrumbs-content":"","ast-featured-img":"","footer-sml-layout":"","ast-disable-related-posts":"","theme-transparent-header-meta":"default","adv-header-id-meta":"","stick-header-meta":"","header-above-stick-meta":"","header-main-stick-meta":"","header-below-stick-meta":"","astra-migrate-meta-layouts":"set","ast-page-background-enabled":"default","ast-page-background-meta":{"desktop":{"background-color":"var(--ast-global-color-4)","background-image":"","background-repeat":"repeat","background-position":"center center","background-size":"auto","background-attachment":"scroll","background-type":"","background-media":"","overlay-type":"","overlay-color":"","overlay-opacity":"","overlay-gradient":""},"tablet":{"background-color":"","background-image":"","background-repeat":"repeat","background-position":"center center","background-size":"auto","background-attachment":"scroll","background-type":"","background-media":"","overlay-type":"","overlay-color":"","overlay-opacity":"","overlay-gradient":""},"mobile":{"background-color":"","background-image":"","background-repeat":"repeat","background-position":"center center","background-size":"auto","background-attachment":"scroll","background-type":"","background-media":"","overlay-type":"","overlay-color":"","overlay-opacity":"","overlay-gradient":""}},"ast-content-background-meta":{"desktop":{"background-color":"var(--ast-global-color-5)","background-image":"","background-repeat":"repeat","background-position":"center center","background-size":"auto","background-attachment":"scroll","background-type":"","background-media":"","overlay-type":"","overlay-color":"","overlay-opacity":"","overlay-gradient":""},"tablet":{"background-color":"var(--ast-global-color-5)","background-image":"","background-repeat":"repeat","background-position":"center center","background-size":"auto","background-attachment":"scroll","background-type":"","background-media":"","overlay-type":"","overlay-color":"","overlay-opacity":"","overlay-gradient":""},"mobile":{"background-color":"var(--ast-global-color-5)","background-image":"","background-repeat":"repeat","background-position":"center center","background-size":"auto","background-attachment":"scroll","background-type":"","background-media":"","overlay-type":"","overlay-color":"","overlay-opacity":"","overlay-gradient":""}}},"product_brand":[],"product_cat":[103],"product_tag":[],"class_list":{"0":"post-6834","1":"product","2":"type-product","3":"status-publish","4":"has-post-thumbnail","6":"product_cat-duenger","7":"desktop-align-left","8":"tablet-align-left","9":"mobile-align-left","11":"first","12":"instock","13":"taxable","14":"shipping-taxable","15":"purchasable","16":"product-type-variable"},"_links":{"self":[{"href":"https:\/\/gaertnerei-melle.de\/en\/wp-json\/wp\/v2\/product\/6834","targetHints":{"allow":["GET"]}}],"collection":[{"href":"https:\/\/gaertnerei-melle.de\/en\/wp-json\/wp\/v2\/product"}],"about":[{"href":"https:\/\/gaertnerei-melle.de\/en\/wp-json\/wp\/v2\/types\/product"}],"replies":[{"embeddable":true,"href":"https:\/\/gaertnerei-melle.de\/en\/wp-json\/wp\/v2\/comments?post=6834"}],"wp:featuredmedia":[{"embeddable":true,"href":"https:\/\/gaertnerei-melle.de\/en\/wp-json\/wp\/v2\/media\/8388"}],"wp:attachment":[{"href":"https:\/\/gaertnerei-melle.de\/en\/wp-json\/wp\/v2\/media?parent=6834"}],"wp:term":[{"taxonomy":"product_brand","embeddable":true,"href":"https:\/\/gaertnerei-melle.de\/en\/wp-json\/wp\/v2\/product_brand?post=6834"},{"taxonomy":"product_cat","embeddable":true,"href":"https:\/\/gaertnerei-melle.de\/en\/wp-json\/wp\/v2\/product_cat?post=6834"},{"taxonomy":"product_tag","embeddable":true,"href":"https:\/\/gaertnerei-melle.de\/en\/wp-json\/wp\/v2\/product_tag?post=6834"}],"curies":[{"name":"wp","href":"https:\/\/api.w.org\/{rel}","templated":true}]}}